{"id":268,"date":"2010-04-23T10:48:09","date_gmt":"2010-04-23T10:48:09","guid":{"rendered":"http:\/\/www.kudmreza.org\/?page_id=268"},"modified":"2010-04-29T02:46:34","modified_gmt":"2010-04-29T02:46:34","slug":"arhiv","status":"publish","type":"page","link":"https:\/\/stara.kudmreza.org\/?page_id=268","title":{"rendered":"Arhiv"},"content":{"rendered":"<p class=\"clear\">\u010ceprav KUD Mre\u017ea arhivsko gradivo (fotografije, zvo\u010dni in video posnetki, medijski odzivi, esejisti\u010dni zapisi, dokumentacija, itd.) zbira \u017ee vse od zasedbe leta 1993, arhiv \u0161e ni popoln niti sistematiziran. Vse ljubiteljske arhiviste vabimo k sodelovanju; dopolnjevanju in razvr\u0161\u010danju arhivskega gradiva. Doslej zbrano gradivo si je mogo\u010de ogledati v pisarni dru\u0161tva Mre\u017ea. <\/p><p class=\"clear\">Za poku\u0161ino si na tem mestu lahko ogledate nekaj fotografij iz pestre zgodovine AKC Metelkove mesta. Fotografije so delo razli\u010dnih poklicnih in amaterskih fotografov. Objavljamo jih v dobro zainteresirane javnosti, pa tudi v upanju, da jih bodo avtorji prepoznali kot svoje in nas o tem obvestili, saj so informacije o avtorstvu posameznih fotografij zelo pomankljive. Informacije lahko po\u0161ljete na naslov: <span class=\"email\"><a href=\"mailto:natasa.s@guest.arnes.si\">natasa.s@guest.arnes.si<\/a><\/span> Dotlej ih objavljamo pod licenco <a rel=\"license\" href=\"http:\/\/creativecommons.org\/licenses\/by-nc-sa\/2.5\/si\/\">Creative Commons Priznanje avtorstva-Nekomercialno-Deljenje pod enakimi pogoji 2.5 Slovenija licenco<\/a>.<\/p><p class=\"clear\">Ve\u010d o zgodovini metelkovske in ljubljanske prostorske politike lahko preberete v knjigi Bratka Bibi\u010da Hrup z Metelkove (Mirovni in\u0161titut, 2003) ali v prilo\u017eenem povzetku v angle\u0161\u010dini: <a href=\"https:\/\/stara.kudmreza.org\/wp-content\/uploads\/2010\/04\/Summary.pdf\" target=\"_blank\">(Instead of) Summary<\/a>. Preberite tudi \u010dlanek Rastka Mo\u010dnikova <a href=\"https:\/\/stara.kudmreza.org\/wp-content\/uploads\/2010\/04\/zakaj-je-metelkova-pomembna.pdf\" target=\"_blank\">Zakaj je Metelkova pomembna?<\/a> in komentar Rajka Mur\u0161i\u010deva <a href=\"https:\/\/stara.kudmreza.org\/wp-content\/uploads\/2010\/04\/konec-metelkove-ali-konec-nase-prihodnosti.pdf\" target=\"_blank\">Konec Metelkova ali konec na\u0161e prihodnosti<\/a>.<\/p>","protected":false},"excerpt":{"rendered":"\u010ceprav KUD Mre\u017ea arhivsko gradivo (fotografije, zvo\u010dni in video posnetki, medijski odzivi, esejisti\u010dni zapisi, dokumentacija, itd.) zbira \u017ee vse od zasedbe leta 1993, arhiv \u0161e ni popoln niti sistematiziran. Vse ljubiteljske arhiviste vabimo k sodelovanju; dopolnjevanju in razvr\u0161\u010danju arhivskega gradiva. Doslej zbrano gradivo si je mogo\u010de ogledati v pisarni dru\u0161tva Mre\u017ea. Za poku\u0161ino si na [&hellip;]","protected":false},"author":2,"featured_media":0,"parent":0,"menu_order":0,"comment_status":"open","ping_status":"open","template":"","meta":{"footnotes":""},"class_list":["post-268","page","type-page","status-publish","hentry"],"_links":{"self":[{"href":"https:\/\/stara.kudmreza.org\/index.php?rest_route=\/wp\/v2\/pages\/268","targetHints":{"allow":["GET"]}}],"collection":[{"href":"https:\/\/stara.kudmreza.org\/index.php?rest_route=\/wp\/v2\/pages"}],"about":[{"href":"https:\/\/stara.kudmreza.org\/index.php?rest_route=\/wp\/v2\/types\/page"}],"author":[{"embeddable":true,"href":"https:\/\/stara.kudmreza.org\/index.php?rest_route=\/wp\/v2\/users\/2"}],"replies":[{"embeddable":true,"href":"https:\/\/stara.kudmreza.org\/index.php?rest_route=%2Fwp%2Fv2%2Fcomments&post=268"}],"version-history":[{"count":0,"href":"https:\/\/stara.kudmreza.org\/index.php?rest_route=\/wp\/v2\/pages\/268\/revisions"}],"wp:attachment":[{"href":"https:\/\/stara.kudmreza.org\/index.php?rest_route=%2Fwp%2Fv2%2Fmedia&parent=268"}],"curies":[{"name":"wp","href":"https:\/\/api.w.org\/{rel}","templated":true}]}}