{"id":330,"date":"2010-04-24T23:31:55","date_gmt":"2010-04-24T23:31:55","guid":{"rendered":"http:\/\/www.kudmreza.org\/?page_id=330"},"modified":"2015-06-09T12:03:32","modified_gmt":"2015-06-09T10:03:32","slug":"studio-asylum","status":"publish","type":"page","link":"https:\/\/stara.kudmreza.org\/?page_id=330","title":{"rendered":"Studio Azil"},"content":{"rendered":"<img loading=\"lazy\" decoding=\"async\" class=\"alignnone size-full wp-image-322\" title=\"Atelje Azil\" src=\"https:\/\/stara.kudmreza.org\/wp-content\/uploads\/2010\/04\/azil_01_small1.gif\" alt=\"\" width=\"600\" height=\"399\" \/><img loading=\"lazy\" decoding=\"async\" class=\"alignnone size-full wp-image-323\" title=\"Atelje Azil\" src=\"https:\/\/stara.kudmreza.org\/wp-content\/uploads\/2010\/04\/azil_02_small1.gif\" alt=\"\" width=\"600\" height=\"399\" \/><img loading=\"lazy\" decoding=\"async\" class=\"alignnone size-full wp-image-324\" title=\"Atelje Azil\" src=\"https:\/\/stara.kudmreza.org\/wp-content\/uploads\/2010\/04\/azil_03_small1.gif\" alt=\"\" width=\"600\" height=\"399\" \/><img loading=\"lazy\" decoding=\"async\" class=\"alignnone size-full wp-image-325\" title=\"Atelje Azil\" src=\"https:\/\/stara.kudmreza.org\/wp-content\/uploads\/2010\/04\/azil_04_small1.gif\" alt=\"\" width=\"600\" height=\"399\" \/><img loading=\"lazy\" decoding=\"async\" class=\"alignnone size-full wp-image-326\" title=\"Atelje Azil\" src=\"https:\/\/stara.kudmreza.org\/wp-content\/uploads\/2010\/04\/azil_05_small1.gif\" alt=\"\" width=\"600\" height=\"399\" \/><br \/>\r\n<br \/>\r\n<strong>Atelje Azil<\/strong> (Asylum Studio) is located in Ljubljana. It is a part of Autonomous Cultural Centre Metelkova mesto, placed in a building called Hlev. It hosts artists and authors who come here for a work visit within the Artist-in-Residence project. It was launched in 2006 when the Art Sredi\u0161\u010de \/ Art Centre team was looking for a temporary solution to be able to stay and continue their projects in Ljubljana since it had been temporarily evicted from its studio in Gori\u010dko.<br \/>\r\n<br \/>\r\nOn the basis of an agreement with all the users of AKC Metelkova mesto and with the help of members of KUD Mre\u017ea, they turned a part of the attic into a studio and an apartment . Already then, they developed a plan to transform Atelje Azil into an artist residence after the Art Sredi\u0161\u010de  team would have returned to Gori\u010dko. The studio as a residence facility was established with two objectives; the first one was to connect the activities of Art Sredi\u0161\u010de, which is located in a rural environment in the North-east of Slovenia, to the city of Ljubljana, and secondly, to establish an  accomodation and woring facility for foreign artists in Metelkova mesto. This would contribute to a more open, lively and innovative atmosphere.<br \/>\r\n<br \/>\r\nAtelje Azil residences can last from a a few days to up to three months. Artists are welcome throughout the year. However, the most convenient period is from the spring to the autumn.<br \/>\r\n<br \/>\r\nThe hosted artist is invited to perform a public presentation of the project (an exhibition, a workshop, a concert, a performance, etc).<br \/>\r\n<br \/>\r\nDescription of the studio:<br \/>\r\nThe studio measures 40m2 and includes working and living area separated by a glass wall. It has basic furniture: a bed, tables, chairs, closets, a refrigerator and an electric heater. On the same floor, there are a kitchen, a toilet and a shower, shared by five studios (Atelje Azil, three art studios and A-Infoshop). The Internet connection and some basic tools are available. <br \/>\r\n<br \/>\r\nAdministers of Atelje Azil will provide:<br \/>\r\n- contact with local artists and cultural workers,<br \/>\r\n- assistance in project realization,<br \/>\r\n- help with the project presentation in Metelkova mesto or other venues in Ljubljana,<br \/>\r\n- help with the promotion activities,<br \/>\r\n- assistance in fund raising for the residence, however only after preliminary such arrangement (six to twelve months prior to the start of the project).<br \/>\r\n<br \/>\r\nThe costs of the residence comprise:<br \/>\r\n- costs of transportation<br \/>\r\n- daily costs (food, mobile telephone, ...)<br \/>\r\n- material cost<br \/>\r\n- utility costs.<br \/>\r\n<br \/>\r\n<br \/>\r\nAll those interested in the residence are kindly invited to send:<br \/>\r\n- a brief presentation of their reasons for choosing Atelje Azil, <br \/>\r\n- a brief presentation of their project or activities they wish to perform,<br \/>\r\n- examples of their work or their website and contact information.<br \/>\r\n<br \/>\r\nWe wish to draw the artists' attention to the specifics of Atelje Azil. AKC Metelkova mesto is an array of clubs, organizations, groups, artists, activists and visitors, which guarantees a creative and stimulating environment and requires a certain amount of patience and persistence.<br \/>\r\n<br \/>\r\nFor any additional information, please e-mail to: julijb@gmail.com (Julij Bor\u0161tnik) or natasa.serec@gmail.com (Nata\u0161a Serec, KUD Mre\u017ea) with a subscript 'Rezidenca \u2013 Atelje Azil.<br \/>\r\n<br \/>\r\n<br \/>\r\n<span class=\"subtitle\">Former artists in residence:<\/span>","protected":false},"excerpt":{"rendered":"Atelje Azil (Asylum Studio) is located in Ljubljana. It is a part of Autonomous Cultural Centre Metelkova mesto, placed in a building called Hlev. It hosts artists and authors who come here for a work visit within the Artist-in-Residence project. It was launched in 2006 when the Art Sredi\u0161\u010de \/ Art Centre team was looking [&hellip;]","protected":false},"author":2,"featured_media":0,"parent":0,"menu_order":0,"comment_status":"open","ping_status":"open","template":"","meta":{"footnotes":""},"class_list":["post-330","page","type-page","status-publish","hentry"],"_links":{"self":[{"href":"https:\/\/stara.kudmreza.org\/index.php?rest_route=\/wp\/v2\/pages\/330","targetHints":{"allow":["GET"]}}],"collection":[{"href":"https:\/\/stara.kudmreza.org\/index.php?rest_route=\/wp\/v2\/pages"}],"about":[{"href":"https:\/\/stara.kudmreza.org\/index.php?rest_route=\/wp\/v2\/types\/page"}],"author":[{"embeddable":true,"href":"https:\/\/stara.kudmreza.org\/index.php?rest_route=\/wp\/v2\/users\/2"}],"replies":[{"embeddable":true,"href":"https:\/\/stara.kudmreza.org\/index.php?rest_route=%2Fwp%2Fv2%2Fcomments&post=330"}],"version-history":[{"count":0,"href":"https:\/\/stara.kudmreza.org\/index.php?rest_route=\/wp\/v2\/pages\/330\/revisions"}],"wp:attachment":[{"href":"https:\/\/stara.kudmreza.org\/index.php?rest_route=%2Fwp%2Fv2%2Fmedia&parent=330"}],"curies":[{"name":"wp","href":"https:\/\/api.w.org\/{rel}","templated":true}]}}