{"id":6,"date":"2010-04-20T02:38:38","date_gmt":"2010-04-20T02:38:38","guid":{"rendered":"http:\/\/www.kudmreza.org\/?page_id=6"},"modified":"2010-04-22T03:51:06","modified_gmt":"2010-04-22T03:51:06","slug":"uvodnik","status":"publish","type":"page","link":"https:\/\/stara.kudmreza.org\/","title":{"rendered":"Uvodnik"},"content":{"rendered":"<p class=\"clear\"><div class=\"italic\">\u00bbIgra z vrvico spada med igre potrpe\u017eljivosti. Poznajo jo ljudje iz vseh kulturnih okolij. Igralci z vrvico lahko preproste like teko\u010de spreminjajo v cela zaporedja zapletenih figur, pri \u010demer si pomagajo le z rokami, z zobmi ali prsti na nogah kot svojo tretjo roko, ali pa jim lahko lik sname nekdo drug in jim ga spet natakne na prste.\u00ab<\/div><img decoding=\"async\" src=\"https:\/\/stara.kudmreza.org\/wp-content\/uploads\/2010\/04\/kud_mreza_presents_small.gif\" width=\"270\" \/><p>Kulturno-umetni\u0161ko dru\u0161tvo Mre\u017ea od leta 1997 prepleta ustvajalne niti posameznih umetnic, umetnikov in rokodelcev iz Avtonomnega kulturnega centra Metelkova mesto. Podpira domiselne posege v prostor in predvsem tiste poglede na svet, ki \u00bbme\u0161ajo \u0161trene\u00ab ustaljenosti. Neuveljavljenim umetnicam in umetnikom, rokodelcem in drugim kulturnim delavcem svetuje in jih podpira s prekaljenostjo igralca, ki ve, da ustvarjalno delo spada med bolj zapletene igre potrpe\u017eljivosti. <p><div class=\"italic\">\u00bbIgra je zares prastara in naj bi jo uporabljali \u017ee neolitski ljudje tako za igro kot za divinacijo (prerokovanje) in celo za zdravljenje. Vzorec, ki nastane ob prepletanju vrvice, naj bi imel posebno mo\u010d, energijo, ki se jo da s to\u010dno dolo\u010denim namenom celo uporabiti v magi\u010dnih in razli\u010dnih drugih ritualih.\u00ab<\/div><p>Dobrodo\u0161li na spletni strani KUD Mre\u017ea!<div class=\"author\">Prvi citat je vzet iz knjige Igre sveta Frederica V. Grunfelda (DZS, 1993), v drugem pa citiramo muzikologa, kustosa v Slovenskem etnografskem muzeju in avtorja knjige Slovenske otro\u0161ke prstne igre (Didakta, 1996) mag. Igorja Cvetka, ki nam je dobrohotno pomagal raziskati ma\u010djo zibko oz. igro z vrvico. <\/div><p class=\"clear\"><\/p> <hr \/><span class=\"author\"><font size=\"-2\">Animacijo je ustvarila ekipa Hosteen Mindustry: Mileta Posti\u0107, Sanja Posti\u0107, Igor Milo\u0161evi\u0107 in Petar Savi\u0107<\/font><\/span>","protected":false},"excerpt":{"rendered":"\u00bbIgra z vrvico spada med igre potrpe\u017eljivosti. Poznajo jo ljudje iz vseh kulturnih okolij. Igralci z vrvico lahko preproste like teko\u010de spreminjajo v cela zaporedja zapletenih figur, pri \u010demer si pomagajo le z rokami, z zobmi ali prsti na nogah kot svojo tretjo roko, ali pa jim lahko lik sname nekdo drug in jim ga [&hellip;]","protected":false},"author":2,"featured_media":0,"parent":0,"menu_order":0,"comment_status":"open","ping_status":"open","template":"","meta":{"footnotes":""},"class_list":["post-6","page","type-page","status-publish","hentry"],"_links":{"self":[{"href":"https:\/\/stara.kudmreza.org\/index.php?rest_route=\/wp\/v2\/pages\/6","targetHints":{"allow":["GET"]}}],"collection":[{"href":"https:\/\/stara.kudmreza.org\/index.php?rest_route=\/wp\/v2\/pages"}],"about":[{"href":"https:\/\/stara.kudmreza.org\/index.php?rest_route=\/wp\/v2\/types\/page"}],"author":[{"embeddable":true,"href":"https:\/\/stara.kudmreza.org\/index.php?rest_route=\/wp\/v2\/users\/2"}],"replies":[{"embeddable":true,"href":"https:\/\/stara.kudmreza.org\/index.php?rest_route=%2Fwp%2Fv2%2Fcomments&post=6"}],"version-history":[{"count":0,"href":"https:\/\/stara.kudmreza.org\/index.php?rest_route=\/wp\/v2\/pages\/6\/revisions"}],"wp:attachment":[{"href":"https:\/\/stara.kudmreza.org\/index.php?rest_route=%2Fwp%2Fv2%2Fmedia&parent=6"}],"curies":[{"name":"wp","href":"https:\/\/api.w.org\/{rel}","templated":true}]}}